{"id":911,"date":"2021-07-14T17:01:23","date_gmt":"2021-07-14T17:01:23","guid":{"rendered":"http:\/\/santarufina.gob.ec\/?page_id=911"},"modified":"2021-08-13T18:03:14","modified_gmt":"2021-08-13T18:03:14","slug":"r-de-cuentas-2020","status":"publish","type":"page","link":"https:\/\/santarufina.gob.ec\/?page_id=911","title":{"rendered":"R. de Cuentas 2020"},"content":{"rendered":"\n<p class=\"has-text-color has-very-dark-gray-color\"><strong>La rendici\u00f3n de cuentas es un proceso mediante el cual quienes toman decisiones sobre la gesti\u00f3n de lo p\u00fablico, cumplen su deber y responsabilidad de explicar, dar a conocer o responder a la ciudadan\u00eda sobre el manejo de lo p\u00fablico y sus resultados logrados:&nbsp;La ciudadan\u00eda eval\u00faa dicha gesti\u00f3n o manejo.<\/strong><\/p>\n\n\n\n<p class=\"has-text-color has-background has-text-align-center has-very-dark-gray-color has-luminous-vivid-orange-background-color\"><\/p>\n\n\n\n<p style=\"font-size:19px\" class=\"has-text-color has-text-align-left has-vivid-red-color\"><strong>FASE<\/strong> <strong>I<\/strong><\/p>\n\n\n\n<p class=\"has-text-color has-background has-text-align-left has-very-dark-gray-color has-pale-cyan-blue-background-color\"><strong><a href=\"http:\/\/santarufina.gob.ec\/wp-content\/uploads\/2021\/08\/HOJA-RUTA-RC-2020-ALC-CP-IP-ENTREGAR-NUEVA.pdf\">HOJA DE RUTA. <\/a><\/strong><\/p>\n\n\n\n<p class=\"has-text-color has-background has-text-align-left has-very-dark-gray-color has-pale-cyan-blue-background-color\"><strong><a href=\"http:\/\/santarufina.gob.ec\/wp-content\/uploads\/2021\/08\/COMISION-MIXTA-CONFORMADA.pdf\">COMISION MIXTA. <\/a><\/strong><\/p>\n\n\n\n<p class=\"has-text-color has-background has-text-align-left has-normal-font-size has-very-dark-gray-color has-pale-cyan-blue-background-color\"><a href=\"http:\/\/santarufina.gob.ec\/wp-content\/uploads\/2021\/08\/OFICIO-DE-INVITACION_compressed.pdf\"><strong>OFICIO DE INVITACION<\/strong>.<\/a><\/p>\n\n\n\n<p style=\"font-size:19px\" class=\"has-text-color has-text-align-left has-vivid-red-color\"><strong>FASE<\/strong> <strong>II<\/strong><\/p>\n\n\n\n<p class=\"has-text-color has-background has-text-align-left has-very-dark-gray-color has-pale-cyan-blue-background-color\"><strong><a href=\"http:\/\/santarufina.gob.ec\/wp-content\/uploads\/2021\/08\/ACTA-DE-ACUERDOS.pdf\">ACTAS DE ACUERDOS Y COMPROMISOS.<\/a><\/strong><\/p>\n\n\n\n<p class=\"has-text-color has-background has-text-align-left has-very-dark-gray-color has-pale-cyan-blue-background-color\"><strong><a href=\"http:\/\/santarufina.gob.ec\/wp-content\/uploads\/2021\/08\/FIRMAS-DELIBERACION-PUBLICA.pdf\">FIRMAS DELIBERACION PUBLICA.<\/a><\/strong><\/p>\n\n\n\n<p class=\"has-text-color has-background has-very-dark-gray-color has-pale-cyan-blue-background-color\"><strong><a href=\"http:\/\/santarufina.gob.ec\/wp-content\/uploads\/2021\/08\/ReporteInformeGad.pdf\">REPORTE INFORME RENDICI\u00d3N DE CUENTAS 2020.<\/a><\/strong><\/p>\n\n\n\n<p style=\"font-size:19px\" class=\"has-text-color has-text-align-left has-vivid-red-color\"><strong>FASE III<\/strong><\/p>\n\n\n\n<p class=\"has-text-color has-background has-very-dark-gray-color has-pale-cyan-blue-background-color\"><strong><a href=\"http:\/\/santarufina.gob.ec\/wp-content\/uploads\/2021\/08\/INFORME-signed-comprimido.pdf\">INFORME.<\/a><\/strong><\/p>\n\n\n\n<p class=\"has-text-color has-background has-text-align-left has-very-dark-gray-color has-pale-cyan-blue-background-color\"><a href=\"http:\/\/santarufina.gob.ec\/wp-content\/uploads\/2021\/08\/FIRMAS-INFORME.pdf\"><strong>FIRMAS DE INFORME.<\/strong><\/a> <\/p>\n\n\n\n<p style=\"font-size:19px\" class=\"has-text-color has-text-align-left has-luminous-vivid-orange-color\"><strong>REPORTE DE AUTORIDADES &#8211; PARROQUIA SANTA RUFINA<\/strong><\/p>\n\n\n\n<p style=\"font-size:18px\" class=\"has-text-color has-vivid-red-color\"><strong>YULY QUEVEDO &#8211; PRESIDENTA<\/strong><\/p>\n\n\n\n<p class=\"has-text-color has-background has-very-dark-gray-color has-pale-cyan-blue-background-color\"><a href=\"http:\/\/santarufina.gob.ec\/wp-content\/uploads\/2021\/08\/OFICIOS-PRESIDENTES_compressed-comprimido.pdf\"><strong>OFICIO PRESIDENTA.<\/strong><\/a><\/p>\n\n\n\n<p class=\"has-text-color has-background has-very-dark-gray-color has-pale-cyan-blue-background-color\"><a href=\"http:\/\/santarufina.gob.ec\/wp-content\/uploads\/2021\/08\/YULY-QUEVEDO.pdf\"><strong>REPORTE INFORME RENDICI\u00d3N DE CUENTAS 2020.<\/strong><\/a><\/p>\n\n\n\n<p><\/p>\n","protected":false},"excerpt":{"rendered":"<p>La rendici\u00f3n de cuentas es un proceso mediante el cual quienes toman decisiones sobre la gesti\u00f3n de lo p\u00fablico, cumplen su deber y responsabilidad de explicar, dar a conocer o responder a la ciudadan\u00eda sobre el manejo de lo p\u00fablico y sus resultados logrados:&nbsp;La ciudadan\u00eda eval\u00faa dicha gesti\u00f3n o manejo. FASE I HOJA DE RUTA. [&hellip;]<\/p>\n","protected":false},"author":1,"featured_media":0,"parent":0,"menu_order":0,"comment_status":"closed","ping_status":"closed","template":"","meta":{"footnotes":""},"_links":{"self":[{"href":"https:\/\/santarufina.gob.ec\/index.php?rest_route=\/wp\/v2\/pages\/911"}],"collection":[{"href":"https:\/\/santarufina.gob.ec\/index.php?rest_route=\/wp\/v2\/pages"}],"about":[{"href":"https:\/\/santarufina.gob.ec\/index.php?rest_route=\/wp\/v2\/types\/page"}],"author":[{"embeddable":true,"href":"https:\/\/santarufina.gob.ec\/index.php?rest_route=\/wp\/v2\/users\/1"}],"replies":[{"embeddable":true,"href":"https:\/\/santarufina.gob.ec\/index.php?rest_route=%2Fwp%2Fv2%2Fcomments&post=911"}],"version-history":[{"count":11,"href":"https:\/\/santarufina.gob.ec\/index.php?rest_route=\/wp\/v2\/pages\/911\/revisions"}],"predecessor-version":[{"id":937,"href":"https:\/\/santarufina.gob.ec\/index.php?rest_route=\/wp\/v2\/pages\/911\/revisions\/937"}],"wp:attachment":[{"href":"https:\/\/santarufina.gob.ec\/index.php?rest_route=%2Fwp%2Fv2%2Fmedia&parent=911"}],"curies":[{"name":"wp","href":"https:\/\/api.w.org\/{rel}","templated":true}]}}