{"id":616,"date":"2021-01-26T21:27:40","date_gmt":"2021-01-26T21:27:40","guid":{"rendered":"http:\/\/santarufina.gob.ec\/?page_id=616"},"modified":"2022-03-17T16:52:49","modified_gmt":"2022-03-17T16:52:49","slug":"marzo","status":"publish","type":"page","link":"https:\/\/santarufina.gob.ec\/?page_id=616","title":{"rendered":"MARZO"},"content":{"rendered":"<h2>Transparencia 2021.<\/h2>\n<div class=\"post-content\">\n<div class=\"strong-blue\">\n<p><strong>Transparencia Institucional<br \/><\/strong><\/p>\n<\/div>\n<p><strong>La Ley Org\u00e1nica de Transparencia y Acceso a la Informaci\u00f3n P\u00fablica (LOTAIP) obliga a todas las instituciones del Estado que conforman el sector p\u00fablico a difundir a trav\u00e9s de la p\u00e1gina web institucional informaci\u00f3n m\u00ednima actualizada de naturaleza obligatoria.<\/strong><\/p>\n<p><a href=\"http:\/\/santarufina.gob.ec\/wp-content\/uploads\/2021\/03\/Cumplimiento-LOTAIP-REPORTE.pdf\"><strong>CERTIFICADO DPE.<\/strong><\/a><\/p>\n<p><strong>LITERAL A (Defensoria del Pueblo)<\/strong><\/p>\n<p><strong>LITERAL B (Defensoria del Pueblo)<\/strong><\/p>\n<p><strong>LITERAL C (Defensoria del pueblo)<\/strong><\/p>\n<\/div>\n\n\n<p class=\"has-text-color has-background has-very-dark-gray-color has-cyan-bluish-gray-background-color\"><strong><a href=\"http:\/\/santarufina.gob.ec\/wp-content\/uploads\/2022\/03\/Literal_a1-Organigrama_de_la_institucion-1-1-10.pdf\">Literal a1\u00a0\u00a0\u00a0\u00a0\u00a0\u00a0\u00a0\u00a0Organigrama de la Instituci\u00f3n.<\/a><\/strong><\/p>\n\n\n\n<p class=\"has-text-color has-background has-very-dark-gray-color has-cyan-bluish-gray-background-color\"><strong><a href=\"http:\/\/santarufina.gob.ec\/wp-content\/uploads\/2022\/03\/Literal_a2-Base_legal_que_rige_a_la_institucion-3-9.pdf\">Literal a2\u00a0\u00a0\u00a0\u00a0\u00a0\u00a0\u00a0\u00a0Base legal que rige a la instituci\u00f3n.<\/a><\/strong><\/p>\n\n\n\n<p class=\"has-text-color has-background has-very-dark-gray-color has-cyan-bluish-gray-background-color\"><strong><a href=\"http:\/\/santarufina.gob.ec\/wp-content\/uploads\/2022\/03\/Literal_a3-Regulaciones_y_procedimientos_internos-1-9.pdf\">Literal a3\u00a0\u00a0\u00a0\u00a0\u00a0\u00a0\u00a0\u00a0Regulaciones y procedimientos internos.<\/a><\/strong><\/p>\n\n\n\n<p class=\"has-text-color has-background has-very-dark-gray-color has-cyan-bluish-gray-background-color\"><strong><a href=\"http:\/\/santarufina.gob.ec\/wp-content\/uploads\/2022\/03\/Literal_a4-Metas_y_objetivos_unidades_administrativas-1-10.pdf\">Literal a4\u00a0\u00a0\u00a0\u00a0\u00a0\u00a0\u00a0\u00a0Metas y objetivos unidades administrativas.<\/a><\/strong><\/p>\n\n\n\n<p class=\"has-text-color has-background has-very-dark-gray-color has-cyan-bluish-gray-background-color\"><strong><a href=\"http:\/\/santarufina.gob.ec\/wp-content\/uploads\/2022\/03\/Literal_b1-Directorio_de_la_institucion-1-9.pdf\">Literal b1\u00a0\u00a0\u00a0\u00a0\u00a0\u00a0\u00a0\u00a0Directorio de la Instituci\u00f3n.<\/a><\/strong><\/p>\n\n\n\n<p class=\"has-text-color has-background has-very-dark-gray-color has-cyan-bluish-gray-background-color\"><strong><a href=\"http:\/\/santarufina.gob.ec\/wp-content\/uploads\/2022\/03\/Literal_b2-Distributivo_del_personal-1-1-9.pdf\">Literal b2\u00a0\u00a0\u00a0\u00a0\u00a0\u00a0\u00a0\u00a0\u00a0Distributivo del Personal.<\/a><\/strong><\/p>\n\n\n\n<p class=\"has-text-color has-background has-very-dark-gray-color has-cyan-bluish-gray-background-color\"><strong><a href=\"http:\/\/santarufina.gob.ec\/wp-content\/uploads\/2022\/03\/Literal_c-Remuneracion_mensual_por_puesto-1-11.pdf\">Literal c\u00a0\u00a0\u00a0\u00a0\u00a0\u00a0\u00a0\u00a0 \u00a0 \u00a0\u00a0Remuneraci\u00f3n mensual por puesto.<\/a><\/strong><\/p>\n\n\n\n<p class=\"has-text-color has-background has-very-dark-gray-color has-cyan-bluish-gray-background-color\"><strong><a href=\"http:\/\/santarufina.gob.ec\/wp-content\/uploads\/2022\/03\/Literal_d-Servicios_que_ofrece_y_las_formas_de_acceder_a_ellos-actualizada-10.pdf\">Literal d\u00a0\u00a0\u00a0\u00a0\u00a0\u00a0\u00a0\u00a0\u00a0\u00a0\u00a0Servicios que ofrece y la forma de acceder a ellos.<\/a><\/strong><\/p>\n\n\n\n<p class=\"has-text-color has-background has-very-dark-gray-color has-cyan-bluish-gray-background-color\"><strong><a href=\"http:\/\/santarufina.gob.ec\/wp-content\/uploads\/2022\/03\/Literal_e-Texto_integro_de_contratos_colectivos_vigentes-10.pdf\">Literal e\u00a0\u00a0\u00a0\u00a0\u00a0\u00a0\u00a0\u00a0\u00a0\u00a0\u00a0Texto \u00edntegro de contratos colectivos vigentes.<\/a><\/strong><\/p>\n\n\n\n<p class=\"has-text-color has-background has-very-dark-gray-color has-cyan-bluish-gray-background-color\"><strong><a href=\"http:\/\/santarufina.gob.ec\/wp-content\/uploads\/2022\/03\/Literal_f1-Formularios_o_formatos_de_solicitudes-10.pdf\">Literal f1\u00a0\u00a0\u00a0\u00a0\u00a0\u00a0\u00a0\u00a0Formularios o formatos de solicitudes.<\/a><\/strong><\/p>\n\n\n\n<p class=\"has-text-color has-background has-very-dark-gray-color has-cyan-bluish-gray-background-color\"><strong><a href=\"http:\/\/santarufina.gob.ec\/wp-content\/uploads\/2022\/03\/Literal_f2-formulario-solicitud.-10.pdf\">Literal f2\u00a0\u00a0\u00a0\u00a0\u00a0\u00a0\u00a0\u00a0Formulario solicitud acceso a la informaci\u00f3n p\u00fablica.<\/a><\/strong><\/p>\n\n\n\n<p class=\"has-text-color has-background has-very-dark-gray-color has-cyan-bluish-gray-background-color\"><strong><a href=\"http:\/\/santarufina.gob.ec\/wp-content\/uploads\/2022\/03\/Literal_g-Presupuesto_de_la_institucion-11.pdf\">Literal g\u00a0\u00a0\u00a0\u00a0\u00a0\u00a0\u00a0\u00a0\u00a0\u00a0\u00a0Presupuesto de la Instituci\u00f3n.<\/a><\/strong><\/p>\n\n\n\n<p class=\"has-text-color has-background has-very-dark-gray-color has-cyan-bluish-gray-background-color\"><strong><a href=\"http:\/\/santarufina.gob.ec\/wp-content\/uploads\/2022\/03\/Literal_h-Resultados_de_auditorias_internas_y_gubernamentales-10.pdf\">Literal h\u00a0\u00a0\u00a0\u00a0\u00a0\u00a0\u00a0\u00a0\u00a0Resultados de auditor\u00edas internas y gubernamentales.<\/a><\/strong><\/p>\n\n\n\n<p class=\"has-text-color has-background has-very-dark-gray-color has-cyan-bluish-gray-background-color\"><strong><a href=\"http:\/\/santarufina.gob.ec\/wp-content\/uploads\/2022\/03\/Literal_i-Procesos_de_contrataciones-10.pdf\">Literal i\u00a0\u00a0\u00a0\u00a0\u00a0\u00a0\u00a0\u00a0\u00a0\u00a0Procesos de contrataciones.<\/a><\/strong><\/p>\n\n\n\n<p class=\"has-text-color has-background has-very-dark-gray-color has-cyan-bluish-gray-background-color\"><strong><a href=\"http:\/\/santarufina.gob.ec\/wp-content\/uploads\/2022\/03\/Literal_j-Empresas_y_personas_que_han_incumplido_contratos-10.pdf\">Literal j\u00a0\u00a0\u00a0\u00a0\u00a0\u00a0\u00a0\u00a0\u00a0\u00a0Empresas y personas que han incumplido contratos.<\/a><\/strong><\/p>\n\n\n\n<p class=\"has-text-color has-background has-very-dark-gray-color has-cyan-bluish-gray-background-color\"><strong><a href=\"http:\/\/santarufina.gob.ec\/wp-content\/uploads\/2022\/03\/Literal_k-Planes_y_programas_en_ejecucion-10.pdf\">Literal k\u00a0\u00a0\u00a0\u00a0\u00a0\u00a0\u00a0\u00a0\u00a0Planes y programas en ejecuci\u00f3n.<\/a><\/strong><\/p>\n\n\n\n<p class=\"has-text-color has-background has-very-dark-gray-color has-cyan-bluish-gray-background-color\"><strong><a href=\"http:\/\/santarufina.gob.ec\/wp-content\/uploads\/2022\/03\/Literal_l-Contratos_de_credito_externos_o_internos-10.pdf\">Literal l\u00a0\u00a0\u00a0\u00a0\u00a0\u00a0\u00a0\u00a0\u00a0\u00a0\u00a0Contratos de cr\u00e9dito externos o internos.<\/a><\/strong><\/p>\n\n\n\n<p class=\"has-text-color has-background has-very-dark-gray-color has-cyan-bluish-gray-background-color\"><strong><a href=\"http:\/\/santarufina.gob.ec\/wp-content\/uploads\/2022\/03\/Literal_m-Mecanismos_de_rendicion_de_cuentas_a_la_ciudadania-10.pdf\">Literal m\u00a0\u00a0\u00a0\u00a0\u00a0\u00a0\u00a0\u00a0Mecanismos de rendici\u00f3n de cuentas a la ciudadan\u00eda.<\/a><\/strong><\/p>\n\n\n\n<p class=\"has-text-color has-background has-very-dark-gray-color has-cyan-bluish-gray-background-color\"><strong><a href=\"http:\/\/santarufina.gob.ec\/wp-content\/uploads\/2022\/03\/Literal_n-Viaticos_informes_de_trabajo_y_justificativos-10.pdf\">Literal n\u00a0\u00a0\u00a0\u00a0\u00a0\u00a0\u00a0\u00a0\u00a0Vi\u00e1ticos, informes de trabajo y justificativos.<\/a><\/strong><\/p>\n\n\n\n<p class=\"has-text-color has-background has-very-dark-gray-color has-cyan-bluish-gray-background-color\"><strong><a href=\"http:\/\/santarufina.gob.ec\/wp-content\/uploads\/2022\/03\/Literal_o-Responsable_de_atender_la_informacion_publica-10.pdf\">Literal o\u00a0\u00a0\u00a0\u00a0\u00a0\u00a0\u00a0\u00a0\u00a0Responsable de atender la informaci\u00f3n p\u00fablica.<\/a><\/strong><\/p>\n\n\n\n<p class=\"has-text-color has-background has-very-dark-gray-color has-cyan-bluish-gray-background-color\"><strong><a href=\"http:\/\/santarufina.gob.ec\/wp-content\/uploads\/2022\/03\/Literal_s-Organismos_seccionales_resoluciones_actas_y_planes_de_desarrollo-10.pdf\">Literal s\u00a0\u00a0\u00a0\u00a0\u00a0\u00a0\u00a0\u00a0\u00a0\u00a0Actas y planes de desarrollo.<\/a><\/strong><\/p>\n","protected":false},"excerpt":{"rendered":"<p>Transparencia 2021. Transparencia Institucional La Ley Org\u00e1nica de Transparencia y Acceso a la Informaci\u00f3n P\u00fablica (LOTAIP) obliga a todas las instituciones del Estado que conforman el sector p\u00fablico a difundir a trav\u00e9s de la p\u00e1gina web institucional informaci\u00f3n m\u00ednima actualizada de naturaleza obligatoria. CERTIFICADO DPE. LITERAL A (Defensoria del Pueblo) LITERAL B (Defensoria del Pueblo) [&hellip;]<\/p>\n","protected":false},"author":1,"featured_media":0,"parent":0,"menu_order":0,"comment_status":"closed","ping_status":"closed","template":"","meta":{"footnotes":""},"_links":{"self":[{"href":"https:\/\/santarufina.gob.ec\/index.php?rest_route=\/wp\/v2\/pages\/616"}],"collection":[{"href":"https:\/\/santarufina.gob.ec\/index.php?rest_route=\/wp\/v2\/pages"}],"about":[{"href":"https:\/\/santarufina.gob.ec\/index.php?rest_route=\/wp\/v2\/types\/page"}],"author":[{"embeddable":true,"href":"https:\/\/santarufina.gob.ec\/index.php?rest_route=\/wp\/v2\/users\/1"}],"replies":[{"embeddable":true,"href":"https:\/\/santarufina.gob.ec\/index.php?rest_route=%2Fwp%2Fv2%2Fcomments&post=616"}],"version-history":[{"count":21,"href":"https:\/\/santarufina.gob.ec\/index.php?rest_route=\/wp\/v2\/pages\/616\/revisions"}],"predecessor-version":[{"id":1419,"href":"https:\/\/santarufina.gob.ec\/index.php?rest_route=\/wp\/v2\/pages\/616\/revisions\/1419"}],"wp:attachment":[{"href":"https:\/\/santarufina.gob.ec\/index.php?rest_route=%2Fwp%2Fv2%2Fmedia&parent=616"}],"curies":[{"name":"wp","href":"https:\/\/api.w.org\/{rel}","templated":true}]}}