{"id":582,"date":"2020-11-27T23:55:29","date_gmt":"2020-11-27T23:55:29","guid":{"rendered":"http:\/\/santarufina.gob.ec\/?page_id=582"},"modified":"2020-11-28T00:05:41","modified_gmt":"2020-11-28T00:05:41","slug":"r-de-cuentas-2019","status":"publish","type":"page","link":"https:\/\/santarufina.gob.ec\/?page_id=582","title":{"rendered":"R. de Cuentas 2019"},"content":{"rendered":"\n<p class=\"has-text-color has-very-dark-gray-color\"><strong>La rendici\u00f3n de cuentas es un proceso mediante el cual quienes toman decisiones sobre la gesti\u00f3n de lo p\u00fablico, cumplen su deber y responsabilidad de explicar, dar a conocer o responder a la ciudadan\u00eda sobre el manejo de lo p\u00fablico y sus resultados logrados:&nbsp;La ciudadan\u00eda eval\u00faa dicha gesti\u00f3n o manejo.<\/strong><\/p>\n\n\n\n<p class=\"has-text-color has-background has-text-align-center has-very-dark-gray-color has-luminous-vivid-orange-background-color\"><\/p>\n\n\n\n<p style=\"font-size:19px\" class=\"has-text-color has-background has-text-align-left has-vivid-red-color has-pale-cyan-blue-background-color\"><strong>PRIMERA FASE<\/strong><\/p>\n\n\n\n<p class=\"has-text-color has-background has-text-align-left has-very-dark-gray-color has-pale-cyan-blue-background-color\"><a href=\"http:\/\/santarufina.gob.ec\/wp-content\/uploads\/2020\/11\/HOJA-DE-RUTA.pdf\"><strong> HOJA DE RUTA. <\/strong><\/a><\/p>\n\n\n\n<p class=\"has-text-color has-background has-text-align-left has-very-dark-gray-color has-pale-cyan-blue-background-color\"><a href=\"http:\/\/santarufina.gob.ec\/wp-content\/uploads\/2020\/11\/COMISION-MIXTA.pdf\"><strong> COMISION MIXTA. <\/strong><\/a><\/p>\n\n\n\n<p style=\"font-size:19px\" class=\"has-text-color has-background has-text-align-left has-vivid-red-color has-pale-cyan-blue-background-color\"><strong>SEGUNDA FASE<\/strong><\/p>\n\n\n\n<p class=\"has-text-color has-background has-text-align-left has-very-dark-gray-color has-pale-cyan-blue-background-color\"><a href=\"http:\/\/santarufina.gob.ec\/wp-content\/uploads\/2020\/11\/Rpt_GADS.pdf\"><strong>INFORME DE CUMPLIMIENTO CPCCS.<\/strong><\/a><\/p>\n\n\n\n<p class=\"has-text-color has-background has-text-align-left has-very-dark-gray-color has-pale-cyan-blue-background-color\"><a href=\"http:\/\/santarufina.gob.ec\/wp-content\/uploads\/2020\/11\/RENDICION-DE-CUENTAS.pdf\"><strong>FORMULARIO RENDICI\u00d3N DE CUENTAS A\u00d1O 2019<\/strong>.<\/a><\/p>\n\n\n\n<p class=\"has-text-color has-background has-text-align-left has-very-dark-gray-color has-pale-cyan-blue-background-color\"><a href=\"http:\/\/santarufina.gob.ec\/wp-content\/uploads\/2020\/11\/OFICIO-MIEMBROS-DEL-CONCEJO-DE-PLANIFICACION.pdf\"><strong>OFICIO MIEMBROS DEL CONCEJO DE PLANIFICACION.<\/strong><\/a><\/p>\n\n\n\n<p class=\"has-text-color has-background has-text-align-left has-very-dark-gray-color has-pale-cyan-blue-background-color\"><a href=\"http:\/\/santarufina.gob.ec\/wp-content\/uploads\/2020\/11\/REGISTROS-ASISTENCIA.pdf\"><strong> REGISTROS DE ASISTENCIA. <\/strong><\/a><\/p>\n\n\n\n<p style=\"font-size:19px\" class=\"has-text-color has-background has-text-align-left has-vivid-red-color has-pale-cyan-blue-background-color\"><strong>REPORTE DE AUTORIDADES &#8211; PARROQUIA SANTA RUFINA<\/strong><\/p>\n\n\n\n<p class=\"has-text-color has-background has-text-align-left has-very-dark-gray-color has-pale-cyan-blue-background-color\"><strong><a href=\"http:\/\/santarufina.gob.ec\/wp-content\/uploads\/2020\/11\/REPORTE-Yuly.pdf\">INFORME ING. YULY QUEVEDO &#8211; PRESIDENTA.<\/a><\/strong><\/p>\n\n\n<p><!--EndFragment--><br \/><br \/><\/p>","protected":false},"excerpt":{"rendered":"<p>La rendici\u00f3n de cuentas es un proceso mediante el cual quienes toman decisiones sobre la gesti\u00f3n de lo p\u00fablico, cumplen su deber y responsabilidad de explicar, dar a conocer o responder a la ciudadan\u00eda sobre el manejo de lo p\u00fablico y sus resultados logrados:&nbsp;La ciudadan\u00eda eval\u00faa dicha gesti\u00f3n o manejo. PRIMERA FASE HOJA DE RUTA. [&hellip;]<\/p>\n","protected":false},"author":1,"featured_media":0,"parent":0,"menu_order":0,"comment_status":"closed","ping_status":"closed","template":"","meta":{"footnotes":""},"_links":{"self":[{"href":"https:\/\/santarufina.gob.ec\/index.php?rest_route=\/wp\/v2\/pages\/582"}],"collection":[{"href":"https:\/\/santarufina.gob.ec\/index.php?rest_route=\/wp\/v2\/pages"}],"about":[{"href":"https:\/\/santarufina.gob.ec\/index.php?rest_route=\/wp\/v2\/types\/page"}],"author":[{"embeddable":true,"href":"https:\/\/santarufina.gob.ec\/index.php?rest_route=\/wp\/v2\/users\/1"}],"replies":[{"embeddable":true,"href":"https:\/\/santarufina.gob.ec\/index.php?rest_route=%2Fwp%2Fv2%2Fcomments&post=582"}],"version-history":[{"count":6,"href":"https:\/\/santarufina.gob.ec\/index.php?rest_route=\/wp\/v2\/pages\/582\/revisions"}],"predecessor-version":[{"id":597,"href":"https:\/\/santarufina.gob.ec\/index.php?rest_route=\/wp\/v2\/pages\/582\/revisions\/597"}],"wp:attachment":[{"href":"https:\/\/santarufina.gob.ec\/index.php?rest_route=%2Fwp%2Fv2%2Fmedia&parent=582"}],"curies":[{"name":"wp","href":"https:\/\/api.w.org\/{rel}","templated":true}]}}