{"id":4624,"date":"2026-04-20T14:46:54","date_gmt":"2026-04-20T14:46:54","guid":{"rendered":"https:\/\/santarufina.gob.ec\/?page_id=4624"},"modified":"2026-04-20T14:54:25","modified_gmt":"2026-04-20T14:54:25","slug":"r-de-cuentas-2025","status":"publish","type":"page","link":"https:\/\/santarufina.gob.ec\/?page_id=4624","title":{"rendered":"R. de Cuentas 2025"},"content":{"rendered":"\t\t<div data-elementor-type=\"wp-page\" data-elementor-id=\"4624\" class=\"elementor elementor-4624\">\n\t\t\t\t\t\t<section class=\"elementor-section elementor-top-section elementor-element elementor-element-e410808 elementor-section-boxed elementor-section-height-default elementor-section-height-default\" data-id=\"e410808\" data-element_type=\"section\">\n\t\t\t\t\t\t<div class=\"elementor-container elementor-column-gap-default\">\n\t\t\t\t\t<div class=\"elementor-column elementor-col-100 elementor-top-column elementor-element elementor-element-ff2236e\" data-id=\"ff2236e\" data-element_type=\"column\">\n\t\t\t<div class=\"elementor-widget-wrap elementor-element-populated\">\n\t\t\t\t\t\t<div class=\"elementor-element elementor-element-0b3ebe6 elementor-widget__width-initial elementor-widget elementor-widget-text-editor\" data-id=\"0b3ebe6\" data-element_type=\"widget\" data-widget_type=\"text-editor.default\">\n\t\t\t\t<div class=\"elementor-widget-container\">\n\t\t\t\t\t\t\t<p><span style=\"color: #000000;\"><strong>RENDICION DE CUENTAS 2025<\/strong><\/span><\/p>\n<p><span style=\"color: #000000;\">En cumplimiento de lo establecido en el Art\u00edculo 90 de la Ley Org\u00e1nica de Participaci\u00f3n Ciudadana y el Reglamento del Consejo de Participaci\u00f3n Ciudadana y Control Social (CPCCS), el Gobierno Aut\u00f3nomo Descentralizado Parroquial de Santa Rufina presenta a la ciudadan\u00eda la documentaci\u00f3n habilitante y los resultados de la gesti\u00f3n realizada durante el ejercicio fiscal 2025.<\/span><\/p>\n<p><span style=\"color: #000000;\">Este proceso garantiza el derecho de las y los ciudadanos a conocer el uso de los recursos p\u00fablicos y el cumplimiento de las metas institucionales.<\/span><\/p>\t\t\t\t\t\t<\/div>\n\t\t\t\t<\/div>\n\t\t\t\t\t<\/div>\n\t\t<\/div>\n\t\t\t\t\t<\/div>\n\t\t<\/section>\n\t\t\t\t<section class=\"elementor-section elementor-top-section elementor-element elementor-element-3157627 elementor-section-boxed elementor-section-height-default elementor-section-height-default\" data-id=\"3157627\" data-element_type=\"section\">\n\t\t\t\t\t\t<div class=\"elementor-container elementor-column-gap-default\">\n\t\t\t\t\t<div class=\"elementor-column elementor-col-100 elementor-top-column elementor-element elementor-element-9f030af\" data-id=\"9f030af\" data-element_type=\"column\">\n\t\t\t<div class=\"elementor-widget-wrap elementor-element-populated\">\n\t\t\t\t\t\t<div class=\"elementor-element elementor-element-5ff0e91 elementor-widget elementor-widget-accordion\" data-id=\"5ff0e91\" data-element_type=\"widget\" data-widget_type=\"accordion.default\">\n\t\t\t\t<div class=\"elementor-widget-container\">\n\t\t\t\t\t<div class=\"elementor-accordion\">\n\t\t\t\t\t\t\t<div class=\"elementor-accordion-item\">\n\t\t\t\t\t<div id=\"elementor-tab-title-1001\" class=\"elementor-tab-title\" data-tab=\"1\" role=\"button\" aria-controls=\"elementor-tab-content-1001\" aria-expanded=\"false\">\n\t\t\t\t\t\t\t\t\t\t\t\t\t<span class=\"elementor-accordion-icon elementor-accordion-icon-left\" aria-hidden=\"true\">\n\t\t\t\t\t\t\t\t\t\t\t\t\t\t\t<span class=\"elementor-accordion-icon-closed\"><i class=\"fas fa-plus\"><\/i><\/span>\n\t\t\t\t\t\t\t\t<span class=\"elementor-accordion-icon-opened\"><i class=\"fas fa-minus\"><\/i><\/span>\n\t\t\t\t\t\t\t\t\t\t\t\t\t\t<\/span>\n\t\t\t\t\t\t\t\t\t\t\t\t<a class=\"elementor-accordion-title\" tabindex=\"0\">Fase 1 Planificaci\u00f3n y Facilitaci\u00f3n del Proceso  <\/a>\n\t\t\t\t\t<\/div>\n\t\t\t\t\t<div id=\"elementor-tab-content-1001\" class=\"elementor-tab-content elementor-clearfix\" data-tab=\"1\" role=\"region\" aria-labelledby=\"elementor-tab-title-1001\"><ul>\n<li><a href=\"http:\/\/santarufina.gob.ec\/wp-content\/uploads\/2026\/04\/1-ENTREGA-DE-TEMAs.pdf\"><span style=\"color: #003366;\"><strong>ENTREGA DE TEMAS<\/strong><\/span><\/a><\/li>\n<li><a href=\"http:\/\/santarufina.gob.ec\/wp-content\/uploads\/2026\/04\/2-HOJA-DE-RUTA.pdf\"><span style=\"color: #003366;\"><strong>HOJA DE RUTA<\/strong><\/span><\/a><\/li>\n<li><a href=\"http:\/\/santarufina.gob.ec\/wp-content\/uploads\/2026\/04\/3-MAPEO-DE-ACRTORES.pdf\"><span style=\"color: #003366;\"><strong>MAPEO DE ACTORES<\/strong><\/span><\/a><\/li>\n<li><a href=\"http:\/\/santarufina.gob.ec\/wp-content\/uploads\/2026\/04\/4-REGISTRO-DE-ASISTENCIA.pdf\"><span style=\"color: #003366;\"><strong>REGISTRO DE ASISTENCIA<\/strong><\/span><\/a><\/li>\n<li><a href=\"http:\/\/santarufina.gob.ec\/wp-content\/uploads\/2026\/04\/5-CONVOCATORIA.pdf\"><span style=\"color: #003366;\"><strong>CONVOCATORIA<\/strong><\/span><\/a><\/li>\n<li><a href=\"http:\/\/santarufina.gob.ec\/wp-content\/uploads\/2026\/04\/6-ACTA.pdf\"><span style=\"color: #003366;\"><strong>ACTA N. 002<\/strong><\/span><\/a><\/li>\n<\/ul><\/div>\n\t\t\t\t<\/div>\n\t\t\t\t\t\t\t<div class=\"elementor-accordion-item\">\n\t\t\t\t\t<div id=\"elementor-tab-title-1002\" class=\"elementor-tab-title\" data-tab=\"2\" role=\"button\" aria-controls=\"elementor-tab-content-1002\" aria-expanded=\"false\">\n\t\t\t\t\t\t\t\t\t\t\t\t\t<span class=\"elementor-accordion-icon elementor-accordion-icon-left\" aria-hidden=\"true\">\n\t\t\t\t\t\t\t\t\t\t\t\t\t\t\t<span class=\"elementor-accordion-icon-closed\"><i class=\"fas fa-plus\"><\/i><\/span>\n\t\t\t\t\t\t\t\t<span class=\"elementor-accordion-icon-opened\"><i class=\"fas fa-minus\"><\/i><\/span>\n\t\t\t\t\t\t\t\t\t\t\t\t\t\t<\/span>\n\t\t\t\t\t\t\t\t\t\t\t\t<a class=\"elementor-accordion-title\" tabindex=\"0\">Fase 2 Evaluaci\u00f3n de la Gesti\u00f3n y Elaboraci\u00f3n del Informe de Rendici\u00f3n de Cuentas <\/a>\n\t\t\t\t\t<\/div>\n\t\t\t\t\t<div id=\"elementor-tab-content-1002\" class=\"elementor-tab-content elementor-clearfix\" data-tab=\"2\" role=\"region\" aria-labelledby=\"elementor-tab-title-1002\"><\/div>\n\t\t\t\t<\/div>\n\t\t\t\t\t\t\t<div class=\"elementor-accordion-item\">\n\t\t\t\t\t<div id=\"elementor-tab-title-1003\" class=\"elementor-tab-title\" data-tab=\"3\" role=\"button\" aria-controls=\"elementor-tab-content-1003\" aria-expanded=\"false\">\n\t\t\t\t\t\t\t\t\t\t\t\t\t<span class=\"elementor-accordion-icon elementor-accordion-icon-left\" aria-hidden=\"true\">\n\t\t\t\t\t\t\t\t\t\t\t\t\t\t\t<span class=\"elementor-accordion-icon-closed\"><i class=\"fas fa-plus\"><\/i><\/span>\n\t\t\t\t\t\t\t\t<span class=\"elementor-accordion-icon-opened\"><i class=\"fas fa-minus\"><\/i><\/span>\n\t\t\t\t\t\t\t\t\t\t\t\t\t\t<\/span>\n\t\t\t\t\t\t\t\t\t\t\t\t<a class=\"elementor-accordion-title\" tabindex=\"0\">Fase 3 Deliberaci\u00f3n P\u00fablica y Evaluaci\u00f3n Ciudadana del Informe de Rendici\u00f3n de Cuentas  <\/a>\n\t\t\t\t\t<\/div>\n\t\t\t\t\t<div id=\"elementor-tab-content-1003\" class=\"elementor-tab-content elementor-clearfix\" data-tab=\"3\" role=\"region\" aria-labelledby=\"elementor-tab-title-1003\"><\/div>\n\t\t\t\t<\/div>\n\t\t\t\t\t\t\t<div class=\"elementor-accordion-item\">\n\t\t\t\t\t<div id=\"elementor-tab-title-1004\" class=\"elementor-tab-title\" data-tab=\"4\" role=\"button\" aria-controls=\"elementor-tab-content-1004\" aria-expanded=\"false\">\n\t\t\t\t\t\t\t\t\t\t\t\t\t<span class=\"elementor-accordion-icon elementor-accordion-icon-left\" aria-hidden=\"true\">\n\t\t\t\t\t\t\t\t\t\t\t\t\t\t\t<span class=\"elementor-accordion-icon-closed\"><i class=\"fas fa-plus\"><\/i><\/span>\n\t\t\t\t\t\t\t\t<span class=\"elementor-accordion-icon-opened\"><i class=\"fas fa-minus\"><\/i><\/span>\n\t\t\t\t\t\t\t\t\t\t\t\t\t\t<\/span>\n\t\t\t\t\t\t\t\t\t\t\t\t<a class=\"elementor-accordion-title\" tabindex=\"0\">Fase 4 Incorporaci\u00f3n de la Opini\u00f3n Ciudadana, Retroalimentaci\u00f3n y Seguimiento <\/a>\n\t\t\t\t\t<\/div>\n\t\t\t\t\t<div id=\"elementor-tab-content-1004\" class=\"elementor-tab-content elementor-clearfix\" data-tab=\"4\" role=\"region\" aria-labelledby=\"elementor-tab-title-1004\"><\/div>\n\t\t\t\t<\/div>\n\t\t\t\t\t\t\t\t<\/div>\n\t\t\t\t<\/div>\n\t\t\t\t<\/div>\n\t\t\t\t\t<\/div>\n\t\t<\/div>\n\t\t\t\t\t<\/div>\n\t\t<\/section>\n\t\t\t\t<\/div>\n\t\t","protected":false},"excerpt":{"rendered":"<p>RENDICION DE CUENTAS 2025 En cumplimiento de lo establecido en el Art\u00edculo 90 de la Ley Org\u00e1nica de Participaci\u00f3n Ciudadana y el Reglamento del Consejo de Participaci\u00f3n Ciudadana y Control Social (CPCCS), el Gobierno Aut\u00f3nomo Descentralizado Parroquial de Santa Rufina presenta a la ciudadan\u00eda la documentaci\u00f3n habilitante y los resultados de la gesti\u00f3n realizada durante [&hellip;]<\/p>\n","protected":false},"author":1,"featured_media":0,"parent":0,"menu_order":0,"comment_status":"closed","ping_status":"closed","template":"","meta":{"footnotes":""},"_links":{"self":[{"href":"https:\/\/santarufina.gob.ec\/index.php?rest_route=\/wp\/v2\/pages\/4624"}],"collection":[{"href":"https:\/\/santarufina.gob.ec\/index.php?rest_route=\/wp\/v2\/pages"}],"about":[{"href":"https:\/\/santarufina.gob.ec\/index.php?rest_route=\/wp\/v2\/types\/page"}],"author":[{"embeddable":true,"href":"https:\/\/santarufina.gob.ec\/index.php?rest_route=\/wp\/v2\/users\/1"}],"replies":[{"embeddable":true,"href":"https:\/\/santarufina.gob.ec\/index.php?rest_route=%2Fwp%2Fv2%2Fcomments&post=4624"}],"version-history":[{"count":4,"href":"https:\/\/santarufina.gob.ec\/index.php?rest_route=\/wp\/v2\/pages\/4624\/revisions"}],"predecessor-version":[{"id":4636,"href":"https:\/\/santarufina.gob.ec\/index.php?rest_route=\/wp\/v2\/pages\/4624\/revisions\/4636"}],"wp:attachment":[{"href":"https:\/\/santarufina.gob.ec\/index.php?rest_route=%2Fwp%2Fv2%2Fmedia&parent=4624"}],"curies":[{"name":"wp","href":"https:\/\/api.w.org\/{rel}","templated":true}]}}