{"id":38,"date":"2019-12-26T17:23:30","date_gmt":"2019-12-26T17:23:30","guid":{"rendered":"http:\/\/santarufina.gob.ec\/?page_id=38"},"modified":"2019-12-27T17:49:48","modified_gmt":"2019-12-27T17:49:48","slug":"santa-rufina","status":"publish","type":"page","link":"https:\/\/santarufina.gob.ec\/?page_id=38","title":{"rendered":"Santa Rufina"},"content":{"rendered":"\n<p>Santa Rufina es una parroquia rural del cant\u00f3n Chaguarpamba, perteneciente a la provincia Loja en Ecuador. Se encuentra ubicada a 30 kil\u00f3metros de la cabecera cantonal. La Parroquia de Santa Rufina se ubica al Sur de la Rep\u00fablica del Ecuador, al noroeste del Cant\u00f3n y Provincia de Loja. La Parroquia tiene varias altitudes clim\u00e1ticas gracias a su geograf\u00eda; en la parte baja desde El Pindo y la parte alta de Piedra.<\/p>\n\n\n\n<div class=\"wp-block-image\"><figure class=\"aligncenter size-large is-resized\"><img fetchpriority=\"high\" decoding=\"async\" src=\"http:\/\/santarufina.gob.ec\/wp-content\/uploads\/2019\/12\/santarufin-14-1.png\" alt=\"\" class=\"wp-image-263\" width=\"764\" height=\"287\" srcset=\"https:\/\/santarufina.gob.ec\/wp-content\/uploads\/2019\/12\/santarufin-14-1.png 582w, https:\/\/santarufina.gob.ec\/wp-content\/uploads\/2019\/12\/santarufin-14-1-300x113.png 300w, https:\/\/santarufina.gob.ec\/wp-content\/uploads\/2019\/12\/santarufin-14-1-230x87.png 230w, https:\/\/santarufina.gob.ec\/wp-content\/uploads\/2019\/12\/santarufin-14-1-350x132.png 350w, https:\/\/santarufina.gob.ec\/wp-content\/uploads\/2019\/12\/santarufin-14-1-480x181.png 480w\" sizes=\"(max-width: 764px) 100vw, 764px\" \/><\/figure><\/div>\n\n\n\n<p>La parroquia est\u00e1 constituida por: \u00e1rea poblada donde se est\u00e1n asentados los centros poblados urbanos y rurales, \u00a0los asentamientos humanos de la parroquia se est\u00e1n desarrollando sin un ordenamiento territorial adecuado, por consiguiente dificultando la dotaci\u00f3n de servicios b\u00e1sicos por la dispersi\u00f3n de viviendas a pesar de haber un n\u00famero considerable de viviendas.<\/p>\n\n\n\n<div class=\"wp-block-image\"><figure class=\"aligncenter size-large is-resized\"><img decoding=\"async\" src=\"http:\/\/santarufina.gob.ec\/wp-content\/uploads\/2019\/12\/santarufin-15.png\" alt=\"\" class=\"wp-image-265\" width=\"763\" height=\"278\" srcset=\"https:\/\/santarufina.gob.ec\/wp-content\/uploads\/2019\/12\/santarufin-15.png 579w, https:\/\/santarufina.gob.ec\/wp-content\/uploads\/2019\/12\/santarufin-15-300x109.png 300w, https:\/\/santarufina.gob.ec\/wp-content\/uploads\/2019\/12\/santarufin-15-230x84.png 230w, https:\/\/santarufina.gob.ec\/wp-content\/uploads\/2019\/12\/santarufin-15-350x128.png 350w, https:\/\/santarufina.gob.ec\/wp-content\/uploads\/2019\/12\/santarufin-15-480x175.png 480w\" sizes=\"(max-width: 763px) 100vw, 763px\" \/><\/figure><\/div>\n\n\n\n<p>La parroquia\nSanta Rufina est\u00e1 ubicada entre los nodos locales de Zaruma y Arenillas y el nodo\nSubregional Huaquillas en la provincia de El Oro; y el nodo local Cariamanga y nodos\nsubregionales de Catamayo y Macar\u00e1, en la provincia de Loja<\/p>\n\n\n\n<p>Al interior de la parroquia los asentamientos estrat\u00e9gicos son Ye de El Guineo, donde se comunica sus pobladores hacia la provincia de El Oro por la v\u00eda colectora E35, o a su vez hacia la parroquia Orianga del cant\u00f3n Paltas y de esta haca Macara o Arenillas por la v\u00eda Puyando, en el tramo Santa Rufina \u2013 Ye del Guineo se ubica el barrio Amancay un no importante por la cercan\u00eda a la parroquia y su conectividad vial; Lozumbe ubicada al este de la parroquia conectado desde la V\u00eda colectora e35, el mismo que esta desconectado de los otros barrios excepto Cucumate. Finalmente los barrios menores al sur de la parroquia est\u00e1n Mosqueros, La Cucula y Samanga.<\/p>\n\n\n\n<div class=\"wp-block-image\"><figure class=\"aligncenter size-large is-resized\"><img decoding=\"async\" src=\"http:\/\/santarufina.gob.ec\/wp-content\/uploads\/2019\/12\/santarufin-16.png\" alt=\"\" class=\"wp-image-266\" width=\"767\" height=\"271\" srcset=\"https:\/\/santarufina.gob.ec\/wp-content\/uploads\/2019\/12\/santarufin-16.png 564w, https:\/\/santarufina.gob.ec\/wp-content\/uploads\/2019\/12\/santarufin-16-300x106.png 300w, https:\/\/santarufina.gob.ec\/wp-content\/uploads\/2019\/12\/santarufin-16-230x81.png 230w, https:\/\/santarufina.gob.ec\/wp-content\/uploads\/2019\/12\/santarufin-16-350x123.png 350w, https:\/\/santarufina.gob.ec\/wp-content\/uploads\/2019\/12\/santarufin-16-480x169.png 480w\" sizes=\"(max-width: 767px) 100vw, 767px\" \/><\/figure><\/div>\n\n\n\n<p>La localizaci\u00f3n dispersa de la poblaci\u00f3n en el \u00e1rea rural, dificulta la consolidaci\u00f3n de la poblaci\u00f3n y por consiguiente la dotaci\u00f3n de servicios b\u00e1sicos urban\u00edsticos, la cabecera parroquial cuenta con un plan urbano aprobado mediante ordenanza municipal, sin embargo su edificaci\u00f3n no se cumple, alterando de esta manera el paisaje y ordenamiento de las calles, adem\u00e1s el \u00e1rea verde y los retiros internos y hacia las veredas, son limitados y en su mayor\u00eda ausentes; en la parte rural los barrios que tienen un amanzanamiento importante y que requieren de un plan urban\u00edstico y de ordenamiento urbano, son Amancay, Ye del Guineo y Lozumbe.<\/p>\n\n\n\n<div class=\"wp-block-image\"><figure class=\"aligncenter size-large is-resized\"><img loading=\"lazy\" decoding=\"async\" src=\"http:\/\/santarufina.gob.ec\/wp-content\/uploads\/2019\/12\/santarufin-17.png\" alt=\"\" class=\"wp-image-267\" width=\"771\" height=\"302\" srcset=\"https:\/\/santarufina.gob.ec\/wp-content\/uploads\/2019\/12\/santarufin-17.png 582w, https:\/\/santarufina.gob.ec\/wp-content\/uploads\/2019\/12\/santarufin-17-300x118.png 300w, https:\/\/santarufina.gob.ec\/wp-content\/uploads\/2019\/12\/santarufin-17-230x90.png 230w, https:\/\/santarufina.gob.ec\/wp-content\/uploads\/2019\/12\/santarufin-17-350x137.png 350w, https:\/\/santarufina.gob.ec\/wp-content\/uploads\/2019\/12\/santarufin-17-480x188.png 480w\" sizes=\"(max-width: 771px) 100vw, 771px\" \/><\/figure><\/div>\n\n\n\n<p><\/p>\n","protected":false},"excerpt":{"rendered":"<p>Santa Rufina es una parroquia rural del cant\u00f3n Chaguarpamba, perteneciente a la provincia Loja en Ecuador. Se encuentra ubicada a 30 kil\u00f3metros de la cabecera cantonal. La Parroquia de Santa Rufina se ubica al Sur de la Rep\u00fablica del Ecuador, al noroeste del Cant\u00f3n y Provincia de Loja. La Parroquia tiene varias altitudes clim\u00e1ticas gracias [&hellip;]<\/p>\n","protected":false},"author":1,"featured_media":0,"parent":0,"menu_order":0,"comment_status":"closed","ping_status":"closed","template":"","meta":{"footnotes":""},"_links":{"self":[{"href":"https:\/\/santarufina.gob.ec\/index.php?rest_route=\/wp\/v2\/pages\/38"}],"collection":[{"href":"https:\/\/santarufina.gob.ec\/index.php?rest_route=\/wp\/v2\/pages"}],"about":[{"href":"https:\/\/santarufina.gob.ec\/index.php?rest_route=\/wp\/v2\/types\/page"}],"author":[{"embeddable":true,"href":"https:\/\/santarufina.gob.ec\/index.php?rest_route=\/wp\/v2\/users\/1"}],"replies":[{"embeddable":true,"href":"https:\/\/santarufina.gob.ec\/index.php?rest_route=%2Fwp%2Fv2%2Fcomments&post=38"}],"version-history":[{"count":3,"href":"https:\/\/santarufina.gob.ec\/index.php?rest_route=\/wp\/v2\/pages\/38\/revisions"}],"predecessor-version":[{"id":268,"href":"https:\/\/santarufina.gob.ec\/index.php?rest_route=\/wp\/v2\/pages\/38\/revisions\/268"}],"wp:attachment":[{"href":"https:\/\/santarufina.gob.ec\/index.php?rest_route=%2Fwp%2Fv2%2Fmedia&parent=38"}],"curies":[{"name":"wp","href":"https:\/\/api.w.org\/{rel}","templated":true}]}}