{"id":33,"date":"2019-12-26T17:23:30","date_gmt":"2019-12-26T17:23:30","guid":{"rendered":"http:\/\/santarufina.gob.ec\/?page_id=33"},"modified":"2019-12-27T16:37:22","modified_gmt":"2019-12-27T16:37:22","slug":"objetivos","status":"publish","type":"page","link":"https:\/\/santarufina.gob.ec\/?page_id=33","title":{"rendered":"Objetivos"},"content":{"rendered":"\n<p>Objetivos\nestrat\u00e9gicos de desarrollo<\/p>\n\n\n\n<p><strong>\uf0b7<\/strong> Impulsar el manejo\nsostenible de los recursos naturales del territorio de la Parroquia Santa\nRufina<\/p>\n\n\n\n<p><strong>\uf0b7<\/strong> Fomentar la cohesi\u00f3n,\nequidad social y territorial en la Parroquia Santa Rufina<\/p>\n\n\n\n<p><strong>\uf0b7<\/strong> Mejorar e incrementar\nlos emprendimientos productivos con \u00e9nfasis en las cadenas comerciales de los\nprincipales productos en forma sostenible de la Parroquia Santa Rufina<\/p>\n\n\n\n<p><strong>\uf0b7<\/strong> Mejorar y ampliar la\ncobertura de servicios b\u00e1sicos con \u00e9nfasis en el ordenamiento territorial de\nlos asentamientos humanos amanzanados de la Parroquia Santa Rufina<\/p>\n\n\n\n<p><strong>\uf0b7<\/strong> Gestionar y mejorar la\ncobertura de los servicios de movilidad, energ\u00eda y conectividad para garantizar\nel buen vivir<\/p>\n\n\n\n<p><strong>\uf0b7<\/strong> Fortalecer y fomentar la Gobernabilidad y Gobernanza, con \u00e9nfasis en la participaci\u00f3n representativa incluyente para la gesti\u00f3n de las pol\u00edticas p\u00fablicas territorializadas.<\/p>\n\n\n\n<div class=\"wp-block-image\"><figure class=\"aligncenter size-large is-resized\"><img fetchpriority=\"high\" decoding=\"async\" src=\"http:\/\/santarufina.gob.ec\/wp-content\/uploads\/2019\/12\/santarufin-1.png\" alt=\"\" class=\"wp-image-238\" width=\"743\" height=\"262\" srcset=\"https:\/\/santarufina.gob.ec\/wp-content\/uploads\/2019\/12\/santarufin-1.png 579w, https:\/\/santarufina.gob.ec\/wp-content\/uploads\/2019\/12\/santarufin-1-300x106.png 300w, https:\/\/santarufina.gob.ec\/wp-content\/uploads\/2019\/12\/santarufin-1-230x81.png 230w, https:\/\/santarufina.gob.ec\/wp-content\/uploads\/2019\/12\/santarufin-1-350x123.png 350w, https:\/\/santarufina.gob.ec\/wp-content\/uploads\/2019\/12\/santarufin-1-480x169.png 480w\" sizes=\"(max-width: 743px) 100vw, 743px\" \/><\/figure><\/div>\n\n\n\n<div class=\"wp-block-image\"><figure class=\"aligncenter size-large is-resized\"><img decoding=\"async\" src=\"http:\/\/santarufina.gob.ec\/wp-content\/uploads\/2019\/12\/santarufin-2.png\" alt=\"\" class=\"wp-image-239\" width=\"745\" height=\"303\" srcset=\"https:\/\/santarufina.gob.ec\/wp-content\/uploads\/2019\/12\/santarufin-2.png 582w, https:\/\/santarufina.gob.ec\/wp-content\/uploads\/2019\/12\/santarufin-2-300x122.png 300w, https:\/\/santarufina.gob.ec\/wp-content\/uploads\/2019\/12\/santarufin-2-230x94.png 230w, https:\/\/santarufina.gob.ec\/wp-content\/uploads\/2019\/12\/santarufin-2-350x143.png 350w, https:\/\/santarufina.gob.ec\/wp-content\/uploads\/2019\/12\/santarufin-2-480x195.png 480w\" sizes=\"(max-width: 745px) 100vw, 745px\" \/><\/figure><\/div>\n\n\n\n<p><\/p>\n","protected":false},"excerpt":{"rendered":"<p>Objetivos estrat\u00e9gicos de desarrollo \uf0b7 Impulsar el manejo sostenible de los recursos naturales del territorio de la Parroquia Santa Rufina \uf0b7 Fomentar la cohesi\u00f3n, equidad social y territorial en la Parroquia Santa Rufina \uf0b7 Mejorar e incrementar los emprendimientos productivos con \u00e9nfasis en las cadenas comerciales de los principales productos en forma sostenible de la [&hellip;]<\/p>\n","protected":false},"author":1,"featured_media":0,"parent":0,"menu_order":0,"comment_status":"closed","ping_status":"closed","template":"","meta":{"footnotes":""},"_links":{"self":[{"href":"https:\/\/santarufina.gob.ec\/index.php?rest_route=\/wp\/v2\/pages\/33"}],"collection":[{"href":"https:\/\/santarufina.gob.ec\/index.php?rest_route=\/wp\/v2\/pages"}],"about":[{"href":"https:\/\/santarufina.gob.ec\/index.php?rest_route=\/wp\/v2\/types\/page"}],"author":[{"embeddable":true,"href":"https:\/\/santarufina.gob.ec\/index.php?rest_route=\/wp\/v2\/users\/1"}],"replies":[{"embeddable":true,"href":"https:\/\/santarufina.gob.ec\/index.php?rest_route=%2Fwp%2Fv2%2Fcomments&post=33"}],"version-history":[{"count":3,"href":"https:\/\/santarufina.gob.ec\/index.php?rest_route=\/wp\/v2\/pages\/33\/revisions"}],"predecessor-version":[{"id":241,"href":"https:\/\/santarufina.gob.ec\/index.php?rest_route=\/wp\/v2\/pages\/33\/revisions\/241"}],"wp:attachment":[{"href":"https:\/\/santarufina.gob.ec\/index.php?rest_route=%2Fwp%2Fv2%2Fmedia&parent=33"}],"curies":[{"name":"wp","href":"https:\/\/api.w.org\/{rel}","templated":true}]}}