{"id":1159,"date":"2022-03-11T21:59:01","date_gmt":"2022-03-11T21:59:01","guid":{"rendered":"http:\/\/santarufina.gob.ec\/?page_id=1159"},"modified":"2022-06-08T23:34:15","modified_gmt":"2022-06-08T23:34:15","slug":"r-de-cuentas-2021","status":"publish","type":"page","link":"https:\/\/santarufina.gob.ec\/?page_id=1159","title":{"rendered":"R. de Cuentas 2021"},"content":{"rendered":"\n<p class=\"has-text-color has-very-dark-gray-color\"><strong>La rendici\u00f3n de cuentas es un proceso mediante el cual quienes toman decisiones sobre la gesti\u00f3n de lo p\u00fablico, cumplen su deber y responsabilidad de explicar, dar a conocer o responder a la ciudadan\u00eda sobre el manejo de lo p\u00fablico y sus resultados logrados:&nbsp;La ciudadan\u00eda eval\u00faa dicha gesti\u00f3n o manejo.<\/strong><\/p>\n\n\n\n<p style=\"font-size:15px\" class=\"has-text-color has-background has-text-align-left has-very-dark-gray-color has-pale-cyan-blue-background-color\"><strong><a href=\"http:\/\/santarufina.gob.ec\/wp-content\/uploads\/2022\/03\/PDOT_final_Santa_Rufina_22_9_2020_compressed.pdf\">PDOT 2019 &#8211; 2023.<\/a><\/strong><\/p>\n\n\n\n<p class=\"has-text-color has-background has-very-dark-gray-color has-pale-cyan-blue-background-color\"><a href=\"http:\/\/santarufina.gob.ec\/wp-content\/uploads\/2022\/06\/HOJA-DE-RUTA.pdf\"><strong>HOJA DE RUTA.<\/strong><\/a><\/p>\n\n\n\n<p class=\"has-text-color has-background has-very-dark-gray-color has-pale-cyan-blue-background-color\"><a href=\"http:\/\/santarufina.gob.ec\/wp-content\/uploads\/2022\/06\/OFICIO.pdf\"><strong>OFICIO CUENTAS 2021.<\/strong><\/a><\/p>\n\n\n\n<p class=\"has-text-color has-background has-very-dark-gray-color has-pale-cyan-blue-background-color\"><a href=\"http:\/\/santarufina.gob.ec\/wp-content\/uploads\/2022\/06\/ACTA-DE-ACUERDOS_compressed.pdf\"><strong>ACTA DE ACUERDOS Y COMPROMISOS.<\/strong><\/a><\/p>\n\n\n\n<p class=\"has-text-color has-background has-very-dark-gray-color has-pale-cyan-blue-background-color\"><a href=\"http:\/\/santarufina.gob.ec\/wp-content\/uploads\/2022\/06\/ACTA-1.pdf\"><strong>ACTA CONFORMACI\u00d3N COMISI\u00d3N MIXTA.<\/strong><\/a><\/p>\n\n\n\n<p class=\"has-text-color has-background has-very-dark-gray-color has-pale-cyan-blue-background-color\"><a href=\"http:\/\/santarufina.gob.ec\/wp-content\/uploads\/2022\/06\/DELIBERACION-PUBLICA_compressed.pdf\"><strong>DELIBERACI\u00d3N P\u00daBLICA RENDICI\u00d3N DE CUENTAS 2021.<\/strong><\/a><\/p>\n\n\n\n<p class=\"has-text-color has-background has-very-dark-gray-color has-pale-cyan-blue-background-color\"><a href=\"http:\/\/santarufina.gob.ec\/wp-content\/uploads\/2022\/06\/FIRMAS_compressed.pdf\"><strong>FIRMAS  CONFORMACI\u00d3N COMISI\u00d3N MIXTA. <\/strong><\/a><\/p>\n\n\n\n<p class=\"has-text-color has-background has-very-dark-gray-color has-pale-cyan-blue-background-color\"><a href=\"http:\/\/santarufina.gob.ec\/wp-content\/uploads\/2022\/06\/INFORME-RENDICION-DE-CUENTAS_compressed-1.pdf\"><strong>INFORME RENDICION DE CUENTAS 2021.<\/strong><\/a><\/p>\n\n\n\n<p class=\"has-text-color has-background has-very-dark-gray-color has-pale-cyan-blue-background-color\"><a href=\"http:\/\/santarufina.gob.ec\/wp-content\/uploads\/2022\/06\/ReporteInformeGad.pdf\"><strong>REPORTE INFORME RENDICI\u00d3N DE CUENTAS 2021.<\/strong><\/a><\/p>\n\n\n\n<p><\/p>\n\n\n\n<p><\/p>\n\n\n\n<p><\/p>\n\n\n\n<p><\/p>\n\n\n\n<p><\/p>\n","protected":false},"excerpt":{"rendered":"<p>La rendici\u00f3n de cuentas es un proceso mediante el cual quienes toman decisiones sobre la gesti\u00f3n de lo p\u00fablico, cumplen su deber y responsabilidad de explicar, dar a conocer o responder a la ciudadan\u00eda sobre el manejo de lo p\u00fablico y sus resultados logrados:&nbsp;La ciudadan\u00eda eval\u00faa dicha gesti\u00f3n o manejo. PDOT 2019 &#8211; 2023. HOJA [&hellip;]<\/p>\n","protected":false},"author":1,"featured_media":0,"parent":0,"menu_order":0,"comment_status":"closed","ping_status":"closed","template":"","meta":{"footnotes":""},"_links":{"self":[{"href":"https:\/\/santarufina.gob.ec\/index.php?rest_route=\/wp\/v2\/pages\/1159"}],"collection":[{"href":"https:\/\/santarufina.gob.ec\/index.php?rest_route=\/wp\/v2\/pages"}],"about":[{"href":"https:\/\/santarufina.gob.ec\/index.php?rest_route=\/wp\/v2\/types\/page"}],"author":[{"embeddable":true,"href":"https:\/\/santarufina.gob.ec\/index.php?rest_route=\/wp\/v2\/users\/1"}],"replies":[{"embeddable":true,"href":"https:\/\/santarufina.gob.ec\/index.php?rest_route=%2Fwp%2Fv2%2Fcomments&post=1159"}],"version-history":[{"count":13,"href":"https:\/\/santarufina.gob.ec\/index.php?rest_route=\/wp\/v2\/pages\/1159\/revisions"}],"predecessor-version":[{"id":1526,"href":"https:\/\/santarufina.gob.ec\/index.php?rest_route=\/wp\/v2\/pages\/1159\/revisions\/1526"}],"wp:attachment":[{"href":"https:\/\/santarufina.gob.ec\/index.php?rest_route=%2Fwp%2Fv2%2Fmedia&parent=1159"}],"curies":[{"name":"wp","href":"https:\/\/api.w.org\/{rel}","templated":true}]}}